{"id":19,"date":"2022-07-22T21:17:32","date_gmt":"2022-07-22T21:17:32","guid":{"rendered":"http:\/\/www.vabene-wermelskirchen.de\/?page_id=19"},"modified":"2026-03-31T10:33:46","modified_gmt":"2026-03-31T10:33:46","slug":"herzlich-willkommen","status":"publish","type":"page","link":"https:\/\/www.vabene-wermelskirchen.de\/","title":{"rendered":""},"content":{"rendered":"<div class=\"wp-block-image\">\n<figure class=\"aligncenter size-full\"><img loading=\"lazy\" decoding=\"async\" width=\"1152\" height=\"405\" src=\"http:\/\/www.vabene-wermelskirchen.de\/wp-content\/uploads\/2026\/03\/Siracusa_Ortigia.png\" alt=\"Sizilien (Siracusa - Ortigia)\" class=\"wp-image-597\" srcset=\"https:\/\/www.vabene-wermelskirchen.de\/wp-content\/uploads\/2026\/03\/Siracusa_Ortigia.png 1152w, https:\/\/www.vabene-wermelskirchen.de\/wp-content\/uploads\/2026\/03\/Siracusa_Ortigia-300x105.png 300w, https:\/\/www.vabene-wermelskirchen.de\/wp-content\/uploads\/2026\/03\/Siracusa_Ortigia-1024x360.png 1024w, https:\/\/www.vabene-wermelskirchen.de\/wp-content\/uploads\/2026\/03\/Siracusa_Ortigia-768x270.png 768w\" sizes=\"auto, (max-width: 1152px) 100vw, 1152px\" \/><\/figure>\n<\/div>\n\n\n<hr class=\"wp-block-separator has-alpha-channel-opacity\"\/>\n\n\n\n<p class=\"wp-block-paragraph\"><strong>Ihrer Pizzeria in Wermelskirchen seit 2009!<\/strong><\/p>\n\n\n\n<p class=\"wp-block-paragraph\">Bei uns erwartet Sie authentische italienische K\u00fcche in gem\u00fctlicher Atmosph\u00e4re. Seit \u00fcber einem Jahrzehnt servieren wir frisch zubereitete Pizzas nach original italienischer Art. Neben unseren k\u00f6stlichen Pizzas bieten wir eine vielf\u00e4ltige Auswahl an Nudelgerichten, frischen Salaten, leckere Arancini und knusprige Panzerotti.<\/p>\n\n\n\n<p class=\"wp-block-paragraph\">Kommen Sie vorbei und genie\u00dfen Sie den Geschmack Italiens bei VaBene in Wermelskirchen. Wir freuen uns auf Ihren Besuch!<\/p>\n\n\n\n<hr class=\"wp-block-separator has-alpha-channel-opacity\"\/>\n\n\n\n<figure class=\"wp-block-image size-full\"><img decoding=\"async\" src=\"https:\/\/www.vabene-wermelskirchen.de\/wp-content\/uploads\/2026\/03\/1000092070.jpg\" alt=\"\" class=\"wp-image-601\"\/><\/figure>\n\n\n\n<hr class=\"wp-block-separator has-alpha-channel-opacity\"\/>\n\n\n\n<figure class=\"wp-block-image size-full is-resized\"><img loading=\"lazy\" decoding=\"async\" width=\"258\" height=\"192\" src=\"https:\/\/www.vabene-wermelskirchen.de\/wp-content\/uploads\/2025\/05\/vespa.png\" alt=\"Vespa\" class=\"wp-image-474\" style=\"width:256px;height:192px\"\/><\/figure>\n\n\n\n<h5 class=\"wp-block-heading has-text-align-center\">Unser Lieferservice steht ihnen zur Verf\u00fcgung von:<\/h5>\n\n\n\n<h5 class=\"wp-block-heading has-text-align-center\">Dienstag bis Samstag<\/h5>\n\n\n\n<h5 class=\"wp-block-heading has-text-align-center\">von 11.00 &#8211; 14.30 UHR und 17.00 &#8211; 22.00 UHR<\/h5>\n\n\n\n<h5 class=\"wp-block-heading has-text-align-center\">Sonntags<\/h5>\n\n\n\n<h5 class=\"wp-block-heading has-text-align-center\">von 17.00 &#8211; 21.30 UHR <\/h5>\n\n\n\n<hr class=\"wp-block-separator has-alpha-channel-opacity\"\/>\n\n\n\n<h3 class=\"wp-block-heading\">Bestellung f\u00fcr eine bestimmte Uhrzeit oder Tag k\u00f6nnem Sie gerne bei uns Telefonisch oder per <a href=\"Kontakt@vabene-wermelskirchen.de\" data-type=\"link\" data-id=\"Kontakt@vabene-wermelskirchen.de\">E-Mail<\/a> aufgeben.<\/h3>\n\n\n\n<hr class=\"wp-block-separator has-alpha-channel-opacity\"\/>\n\n\n\n<p class=\"has-text-align-center wp-block-paragraph\">Gerne finden Sie <a href=\"https:\/\/www.vabene-wermelskirchen.de\/?page_id=141\" data-type=\"page\" data-id=\"141\">hier<\/a> unsere Lieferbedingungen.<\/p>\n","protected":false},"excerpt":{"rendered":"<p>Ihrer Pizzeria in Wermelskirchen seit 2009! Bei uns erwartet Sie authentische italienische K\u00fcche in gem\u00fctlicher Atmosph\u00e4re. Seit \u00fcber einem [&hellip;]<\/p>\n","protected":false},"author":1,"featured_media":0,"parent":0,"menu_order":0,"comment_status":"closed","ping_status":"closed","template":"","meta":{"_crdt_document":"","_monsterinsights_skip_tracking":false,"_monsterinsights_sitenote_active":false,"_monsterinsights_sitenote_note":"","_monsterinsights_sitenote_category":0,"footnotes":""},"class_list":["post-19","page","type-page","status-publish","hentry"],"aioseo_notices":[],"_links":{"self":[{"href":"https:\/\/www.vabene-wermelskirchen.de\/index.php?rest_route=\/wp\/v2\/pages\/19","targetHints":{"allow":["GET"]}}],"collection":[{"href":"https:\/\/www.vabene-wermelskirchen.de\/index.php?rest_route=\/wp\/v2\/pages"}],"about":[{"href":"https:\/\/www.vabene-wermelskirchen.de\/index.php?rest_route=\/wp\/v2\/types\/page"}],"author":[{"embeddable":true,"href":"https:\/\/www.vabene-wermelskirchen.de\/index.php?rest_route=\/wp\/v2\/users\/1"}],"replies":[{"embeddable":true,"href":"https:\/\/www.vabene-wermelskirchen.de\/index.php?rest_route=%2Fwp%2Fv2%2Fcomments&post=19"}],"version-history":[{"count":115,"href":"https:\/\/www.vabene-wermelskirchen.de\/index.php?rest_route=\/wp\/v2\/pages\/19\/revisions"}],"predecessor-version":[{"id":602,"href":"https:\/\/www.vabene-wermelskirchen.de\/index.php?rest_route=\/wp\/v2\/pages\/19\/revisions\/602"}],"wp:attachment":[{"href":"https:\/\/www.vabene-wermelskirchen.de\/index.php?rest_route=%2Fwp%2Fv2%2Fmedia&parent=19"}],"curies":[{"name":"wp","href":"https:\/\/api.w.org\/{rel}","templated":true}]}}