{"id":149,"date":"2022-07-26T09:19:03","date_gmt":"2022-07-26T09:19:03","guid":{"rendered":"http:\/\/www.vabene-wermelskirchen.de\/?page_id=149"},"modified":"2022-07-28T18:35:51","modified_gmt":"2022-07-28T18:35:51","slug":"speisekarte-2","status":"publish","type":"page","link":"https:\/\/www.vabene-wermelskirchen.de\/?page_id=149","title":{"rendered":"Zusatzstoffe + Allergene"},"content":{"rendered":"\n<h2 class=\"wp-block-heading\">Zusatzstoffe<\/h2>\n\n\n\n<p class=\"wp-block-paragraph\">1=Konservierungsmittel, 2=geschw\u00e4rzt, 3=Geschmacksverst\u00e4rker, 4=Antioxidationsmittel, 5=Farbstoffe, 6=geschwefelt, 7=Phosphat, 8=mit S\u00fc\u00dfungsmitteln, 9=enth\u00e4lt eine Phenylalaninquelle, 10=Nitritp\u00f6kelsalz, 11=koffeinhaltig<\/p>\n\n\n\n<hr class=\"wp-block-separator has-alpha-channel-opacity\"\/>\n\n\n\n<h2 class=\"wp-block-heading\">Allergene<\/h2>\n\n\n\n<p class=\"wp-block-paragraph\">a=glutenhaltiges Getreide (a1=Weizen, a2=Roggen, a3=Gerste, a4=Hafer, a5=Dinkel, a6=Kamut und daraus gewonnene Erzeugnisse), b=Krebstiere, c=Eier, d=Fisch, e=Erdn\u00fcsse, f=Soja, g=Milch (Laktose), h=Schalenfr\u00fcchte (h1=Mandeln, h2=Haseln\u00fcsse, h3=Waln\u00fcsse, h4=Cashewn\u00fcsse, h5=Pekann\u00fcsse, h6=Paran\u00fcsse, h7=Pistazien, h8=Macadamian\u00fcsse, h9=Queenslandn\u00fcsse, i=sellerie, j=Senf, k=Sesam, l=SO2 + Sulfite, m=Lupinen, n=Weichtiere, S=in Spuren<\/p>\n\n\n\n<hr class=\"wp-block-separator has-alpha-channel-opacity\"\/>\n\n\n\n<p class=\"wp-block-paragraph\">Da unsere Produkte handgemacht sind, kann keine Garantie f\u00fcr eine 100%ige Vollst\u00e4ndigkeit der Angaben \u00fcbernommen werden. Durch gemeinsame Zubereitungsprozesse kann eine Kreuzkontamination mit anderen Produkten daher nicht ausgeschlossen werden.<\/p>\n\n\n\n<hr class=\"wp-block-separator has-alpha-channel-opacity\"\/>\n\n\n\n<h4 class=\"wp-block-heading\">Pizza<\/h4>\n\n\n\n<ul class=\"wp-block-list\"><li>Margherita &#8211; a1,g<\/li><li>Pizza Hollandaise &#8211; a1,c,f,g,i<\/li><li>Salami &#8211; a1,f,g,j,1,4,5<\/li><li>Prosciutto &#8211; a1,f,g,1,4<\/li><li>Tonno &#8211; a1,d,f,g<\/li><li>Hawaii &#8211; a1,f,g,1,4<\/li><li>Quattro Stagioni &#8211; a1,d,f,g,1,4<\/li><li>Diavolo &#8211; a1,f,g,j,1,4,5<\/li><li>Italia &#8211; a1,f,g,1,4,5,7<\/li><li>Roma &#8211; a1,c,d,f,g,j,1,4,5<\/li><li>Bomba &#8211; a1,f,g,1,4<\/li><li>Caprese &#8211; a1,g<\/li><li>Va Bene &#8211; a1,b,d,f,g,n,<\/li><li>Scampi &#8211; a1,b,d,f,g,n<\/li><li>Frutti di Mare &#8211; a1,b,d,f,g,n<\/li><li>Salmone &#8211; a1,d,f,g,n<\/li><li>Siracusa &#8211; a1,d,f,g,n<\/li><li>Quattro Formaggi &#8211; a1,c,g,<\/li><li>Pompeji &#8211; a1,f,g,j,1,4,5,7<\/li><li>Parma &#8211; a1,g,1,4<\/li><li>Salsiccia &#8211; a1,f,g,1,4,10,i,j<\/li><li>Pomm Pizza &#8211; a1,f,g,l,1,4,10<\/li><li>Toscana &#8211; a1,f,g,1,4<\/li><li>Bresaola &#8211; a1,f,g,1,4,5,6<\/li><li>Capricciosa &#8211; a1,c,f,g,1,4<\/li><li>Bolognese &#8211; a1,f,g,i,j,1,3,4<\/li><li>Sicilia &#8211; a1,b,f,g,d,n,1,4,7,10<\/li><li>Creme Fraiche &#8211; a1,c,f,g,1,4,6,10<\/li><\/ul>\n","protected":false},"excerpt":{"rendered":"<p>Zusatzstoffe 1=Konservierungsmittel, 2=geschw\u00e4rzt, 3=Geschmacksverst\u00e4rker, 4=Antioxidationsmittel, 5=Farbstoffe, 6=geschwefelt, 7=Phosphat, 8=mit S\u00fc\u00dfungsmitteln, 9=enth\u00e4lt eine Phenylalaninquelle, 10=Nitritp\u00f6kelsalz, 11=koffeinhaltig Allergene a=glutenhaltiges Getreide (a1=Weizen, [&hellip;]<\/p>\n","protected":false},"author":1,"featured_media":0,"parent":0,"menu_order":0,"comment_status":"closed","ping_status":"closed","template":"","meta":{"_crdt_document":"","_monsterinsights_skip_tracking":false,"_monsterinsights_sitenote_active":false,"_monsterinsights_sitenote_note":"","_monsterinsights_sitenote_category":0,"footnotes":""},"class_list":["post-149","page","type-page","status-publish","hentry"],"aioseo_notices":[],"_links":{"self":[{"href":"https:\/\/www.vabene-wermelskirchen.de\/index.php?rest_route=\/wp\/v2\/pages\/149","targetHints":{"allow":["GET"]}}],"collection":[{"href":"https:\/\/www.vabene-wermelskirchen.de\/index.php?rest_route=\/wp\/v2\/pages"}],"about":[{"href":"https:\/\/www.vabene-wermelskirchen.de\/index.php?rest_route=\/wp\/v2\/types\/page"}],"author":[{"embeddable":true,"href":"https:\/\/www.vabene-wermelskirchen.de\/index.php?rest_route=\/wp\/v2\/users\/1"}],"replies":[{"embeddable":true,"href":"https:\/\/www.vabene-wermelskirchen.de\/index.php?rest_route=%2Fwp%2Fv2%2Fcomments&post=149"}],"version-history":[{"count":11,"href":"https:\/\/www.vabene-wermelskirchen.de\/index.php?rest_route=\/wp\/v2\/pages\/149\/revisions"}],"predecessor-version":[{"id":178,"href":"https:\/\/www.vabene-wermelskirchen.de\/index.php?rest_route=\/wp\/v2\/pages\/149\/revisions\/178"}],"wp:attachment":[{"href":"https:\/\/www.vabene-wermelskirchen.de\/index.php?rest_route=%2Fwp%2Fv2%2Fmedia&parent=149"}],"curies":[{"name":"wp","href":"https:\/\/api.w.org\/{rel}","templated":true}]}}