{"id":141,"date":"2022-07-25T20:29:02","date_gmt":"2022-07-25T20:29:02","guid":{"rendered":"http:\/\/www.vabene-wermelskirchen.de\/?page_id=141"},"modified":"2025-04-24T21:34:13","modified_gmt":"2025-04-24T21:34:13","slug":"lieferbedingungen","status":"publish","type":"page","link":"https:\/\/www.vabene-wermelskirchen.de\/?page_id=141","title":{"rendered":"Lieferbedingungen"},"content":{"rendered":"\n<h4 class=\"wp-block-heading\">Wermelskirchen, Dh\u00fcnn + Dabringhausen<\/h4>\n\n\n\n<h4 class=\"wp-block-heading\">bis 5km:<\/h4>\n\n\n\n<p class=\"wp-block-paragraph\">Mindestbestellwert von 15\u20ac zzgl. 2\u20ac Liefergeb\u00fchr<\/p>\n\n\n\n<h4 class=\"wp-block-heading\">ab 5km:<\/h4>\n\n\n\n<p class=\"wp-block-paragraph\">Mindestbestellwert von 20\u20ac zzgl. 3,50\u20ac Liefergeb\u00fchr<\/p>\n\n\n\n<hr class=\"wp-block-separator has-alpha-channel-opacity\"\/>\n\n\n\n<p class=\"wp-block-paragraph\">Neuenhaus, Sonne, Habenichts, Ellinghausen, L\u00f6h, Neuenweg, Osminghausen, Ober- Unterhebbinghausen betr\u00e4gt die Liefergeb\u00fchr 3,50\u20ac.<\/p>\n\n\n\n<hr class=\"wp-block-separator has-alpha-channel-opacity\"\/>\n\n\n\n<h4 class=\"wp-block-heading\">Remscheid, Solingen, Burscheid, Leichlingen u. H\u00fcckeswagen<\/h4>\n\n\n\n<p class=\"wp-block-paragraph\">Mindestbestellwert von 20\u20ac zzgl. 3,50\u20ac Liefergeb\u00fchr. <\/p>\n\n\n\n<hr class=\"wp-block-separator has-alpha-channel-opacity\"\/>\n\n\n\n<h4 class=\"wp-block-heading has-text-align-center\">Maximaler Lieferumkreis 8km.<\/h4>\n\n\n\n<hr class=\"wp-block-separator has-alpha-channel-opacity\"\/>\n\n\n\n<h3 class=\"wp-block-heading has-text-align-center\">Getr\u00e4nke sind vom Mindestbestellwert ausgeschlossen.<\/h3>\n\n\n\n<hr class=\"wp-block-separator has-alpha-channel-opacity\"\/>\n","protected":false},"excerpt":{"rendered":"<p>Wermelskirchen, Dh\u00fcnn + Dabringhausen bis 5km: Mindestbestellwert von 15\u20ac zzgl. 2\u20ac Liefergeb\u00fchr ab 5km: Mindestbestellwert von 20\u20ac zzgl. 3,50\u20ac [&hellip;]<\/p>\n","protected":false},"author":1,"featured_media":0,"parent":0,"menu_order":0,"comment_status":"closed","ping_status":"closed","template":"","meta":{"_crdt_document":"","_monsterinsights_skip_tracking":false,"_monsterinsights_sitenote_active":false,"_monsterinsights_sitenote_note":"","_monsterinsights_sitenote_category":0,"footnotes":""},"class_list":["post-141","page","type-page","status-publish","hentry"],"aioseo_notices":[],"_links":{"self":[{"href":"https:\/\/www.vabene-wermelskirchen.de\/index.php?rest_route=\/wp\/v2\/pages\/141","targetHints":{"allow":["GET"]}}],"collection":[{"href":"https:\/\/www.vabene-wermelskirchen.de\/index.php?rest_route=\/wp\/v2\/pages"}],"about":[{"href":"https:\/\/www.vabene-wermelskirchen.de\/index.php?rest_route=\/wp\/v2\/types\/page"}],"author":[{"embeddable":true,"href":"https:\/\/www.vabene-wermelskirchen.de\/index.php?rest_route=\/wp\/v2\/users\/1"}],"replies":[{"embeddable":true,"href":"https:\/\/www.vabene-wermelskirchen.de\/index.php?rest_route=%2Fwp%2Fv2%2Fcomments&post=141"}],"version-history":[{"count":7,"href":"https:\/\/www.vabene-wermelskirchen.de\/index.php?rest_route=\/wp\/v2\/pages\/141\/revisions"}],"predecessor-version":[{"id":455,"href":"https:\/\/www.vabene-wermelskirchen.de\/index.php?rest_route=\/wp\/v2\/pages\/141\/revisions\/455"}],"wp:attachment":[{"href":"https:\/\/www.vabene-wermelskirchen.de\/index.php?rest_route=%2Fwp%2Fv2%2Fmedia&parent=141"}],"curies":[{"name":"wp","href":"https:\/\/api.w.org\/{rel}","templated":true}]}}